{"id":5969,"date":"2024-03-22T11:34:12","date_gmt":"2024-03-22T11:34:12","guid":{"rendered":"https:\/\/amigosmuseotraje.com\/amt\/?page_id=5969"},"modified":"2024-10-27T17:50:56","modified_gmt":"2024-10-27T16:50:56","slug":"area-privada","status":"publish","type":"page","link":"https:\/\/amigosmuseotraje.com\/en\/area-privada\/","title":{"rendered":"Private zone"},"content":{"rendered":"\t\t<div data-elementor-type=\"wp-page\" data-elementor-id=\"5969\" class=\"elementor elementor-5969\">\n\t\t\t\t<div class=\"elementor-element elementor-element-0a12294 e-flex e-con-boxed e-con e-parent\" data-id=\"0a12294\" data-element_type=\"container\" data-e-type=\"container\">\n\t\t\t\t\t<div class=\"e-con-inner\">\n\t\t\t\t<div class=\"elementor-element elementor-element-a1d5ce4 elementor-widget elementor-widget-heading\" data-id=\"a1d5ce4\" data-element_type=\"widget\" data-e-type=\"widget\" data-widget_type=\"heading.default\">\n\t\t\t\t<div class=\"elementor-widget-container\">\n\t\t\t\t\t<h2 class=\"elementor-heading-title elementor-size-default\">Bienvenidos al \u00e1rea privada s\u00f3lo para SOCIOS<\/h2>\t\t\t\t<\/div>\n\t\t\t\t<\/div>\n\t\t\t\t\t<\/div>\n\t\t\t\t<\/div>\n\t\t<div class=\"elementor-element elementor-element-e453b9a e-flex e-con-boxed e-con e-parent\" data-id=\"e453b9a\" data-element_type=\"container\" data-e-type=\"container\" data-settings=\"{&quot;background_background&quot;:&quot;slideshow&quot;,&quot;background_slideshow_gallery&quot;:[{&quot;id&quot;:7810,&quot;url&quot;:&quot;https:\\\/\\\/amigosmuseotraje.com\\\/wp-content\\\/uploads\\\/2024\\\/04\\\/banner_11-scaled.jpg&quot;},{&quot;id&quot;:7720,&quot;url&quot;:&quot;https:\\\/\\\/amigosmuseotraje.com\\\/wp-content\\\/uploads\\\/2024\\\/04\\\/banner_3-scaled.jpg&quot;},{&quot;id&quot;:7813,&quot;url&quot;:&quot;https:\\\/\\\/amigosmuseotraje.com\\\/wp-content\\\/uploads\\\/2024\\\/04\\\/banner_1-scaled.jpg&quot;},{&quot;id&quot;:7812,&quot;url&quot;:&quot;https:\\\/\\\/amigosmuseotraje.com\\\/wp-content\\\/uploads\\\/2024\\\/04\\\/banner_8-scaled.jpg&quot;},{&quot;id&quot;:7811,&quot;url&quot;:&quot;https:\\\/\\\/amigosmuseotraje.com\\\/wp-content\\\/uploads\\\/2024\\\/04\\\/banner_9-scaled.jpg&quot;}],&quot;background_slideshow_slide_duration&quot;:1500,&quot;background_slideshow_ken_burns&quot;:&quot;yes&quot;,&quot;background_slideshow_loop&quot;:&quot;yes&quot;,&quot;background_slideshow_slide_transition&quot;:&quot;fade&quot;,&quot;background_slideshow_transition_duration&quot;:500,&quot;background_slideshow_ken_burns_zoom_direction&quot;:&quot;in&quot;}\">\n\t\t\t\t\t<div class=\"e-con-inner\">\n\t\t<div class=\"elementor-element elementor-element-689a890 e-con-full e-flex e-con e-child\" data-id=\"689a890\" data-element_type=\"container\" data-e-type=\"container\">\n\t\t\t\t<div class=\"elementor-element elementor-element-5071cbb elementor-widget-divider--view-line elementor-widget elementor-widget-divider\" data-id=\"5071cbb\" data-element_type=\"widget\" data-e-type=\"widget\" data-widget_type=\"divider.default\">\n\t\t\t\t<div class=\"elementor-widget-container\">\n\t\t\t\t\t\t\t<div class=\"elementor-divider\">\n\t\t\t<span class=\"elementor-divider-separator\">\n\t\t\t\t\t\t<\/span>\n\t\t<\/div>\n\t\t\t\t\t\t<\/div>\n\t\t\t\t<\/div>\n\t\t\t\t<div class=\"elementor-element elementor-element-1274305 elementor-widget elementor-widget-text-editor\" data-id=\"1274305\" data-element_type=\"widget\" data-e-type=\"widget\" data-widget_type=\"text-editor.default\">\n\t\t\t\t<div class=\"elementor-widget-container\">\n\t\t\t\t\t\t\t\t\t<p>CONGRESO INTERNACIONAL<\/p><p>Madrid 18 al 20 de septiembre de 2024<\/p>\t\t\t\t\t\t\t\t<\/div>\n\t\t\t\t<\/div>\n\t\t\t\t<div class=\"elementor-element elementor-element-84dc758 elementor-widget elementor-widget-text-editor\" data-id=\"84dc758\" data-element_type=\"widget\" data-e-type=\"widget\" data-widget_type=\"text-editor.default\">\n\t\t\t\t<div class=\"elementor-widget-container\">\n\t\t\t\t\t\t\t\t\tVESTIR A LA FRANCESA O A LA ESPA\u00d1OLA.\t\t\t\t\t\t\t\t<\/div>\n\t\t\t\t<\/div>\n\t\t\t\t<div class=\"elementor-element elementor-element-de76ea9 elementor-widget elementor-widget-text-editor\" data-id=\"de76ea9\" data-element_type=\"widget\" data-e-type=\"widget\" data-widget_type=\"text-editor.default\">\n\t\t\t\t<div class=\"elementor-widget-container\">\n\t\t\t\t\t\t\t\t\tLa moda del siglo XVIII en Espa\u00f1a\t\t\t\t\t\t\t\t<\/div>\n\t\t\t\t<\/div>\n\t\t\t\t<div class=\"elementor-element elementor-element-b8507bc elementor-button-info elementor-align-left elementor-widget elementor-widget-button\" data-id=\"b8507bc\" data-element_type=\"widget\" data-e-type=\"widget\" data-widget_type=\"button.default\">\n\t\t\t\t<div class=\"elementor-widget-container\">\n\t\t\t\t\t\t\t\t\t<div class=\"elementor-button-wrapper\">\n\t\t\t\t\t<a class=\"elementor-button elementor-button-link elementor-size-sm\" href=\"https:\/\/amigosmuseotraje.com\/congreso-internacional\/\">\n\t\t\t\t\t\t<span class=\"elementor-button-content-wrapper\">\n\t\t\t\t\t\t\t\t\t<span class=\"elementor-button-text\">INFORMACI\u00d3N<\/span>\n\t\t\t\t\t<\/span>\n\t\t\t\t\t<\/a>\n\t\t\t\t<\/div>\n\t\t\t\t\t\t\t\t<\/div>\n\t\t\t\t<\/div>\n\t\t\t\t<div class=\"elementor-element elementor-element-0cce9ad elementor-button-success elementor-align-left resize_button elementor-widget elementor-widget-button\" data-id=\"0cce9ad\" data-element_type=\"widget\" data-e-type=\"widget\" data-widget_type=\"button.default\">\n\t\t\t\t<div class=\"elementor-widget-container\">\n\t\t\t\t\t\t\t\t\t<div class=\"elementor-button-wrapper\">\n\t\t\t\t\t<a class=\"elementor-button elementor-button-link elementor-size-sm\" href=\"https:\/\/amigosmuseotraje.com\/wp-content\/uploads\/2024\/09\/programa-definitivo-moda18.pdf\">\n\t\t\t\t\t\t<span class=\"elementor-button-content-wrapper\">\n\t\t\t\t\t\t\t\t\t<span class=\"elementor-button-text\">PROGRAMA<\/span>\n\t\t\t\t\t<\/span>\n\t\t\t\t\t<\/a>\n\t\t\t\t<\/div>\n\t\t\t\t\t\t\t\t<\/div>\n\t\t\t\t<\/div>\n\t\t\t\t<div class=\"elementor-element elementor-element-bd6a4e1 elementor-widget-divider--view-line elementor-widget elementor-widget-divider\" data-id=\"bd6a4e1\" data-element_type=\"widget\" data-e-type=\"widget\" data-widget_type=\"divider.default\">\n\t\t\t\t<div class=\"elementor-widget-container\">\n\t\t\t\t\t\t\t<div class=\"elementor-divider\">\n\t\t\t<span class=\"elementor-divider-separator\">\n\t\t\t\t\t\t<\/span>\n\t\t<\/div>\n\t\t\t\t\t\t<\/div>\n\t\t\t\t<\/div>\n\t\t\t\t<\/div>\n\t\t<div class=\"elementor-element elementor-element-d01586c e-con-full e-flex e-con e-child\" data-id=\"d01586c\" data-element_type=\"container\" data-e-type=\"container\">\n\t\t\t\t<div class=\"elementor-element elementor-element-9935e7e elementor-widget elementor-widget-image\" data-id=\"9935e7e\" data-element_type=\"widget\" data-e-type=\"widget\" data-widget_type=\"image.default\">\n\t\t\t\t<div class=\"elementor-widget-container\">\n\t\t\t\t\t\t\t\t\t\t\t\t\t\t\t\t<a href=\"https:\/\/amigosmuseotraje.com\/congreso-internacional\/\">\n\t\t\t\t\t\t\t<img fetchpriority=\"high\" decoding=\"async\" width=\"692\" height=\"692\" src=\"https:\/\/amigosmuseotraje.com\/wp-content\/uploads\/2024\/03\/portada_redonda.png\" class=\"attachment-medium_large size-medium_large wp-image-6863\" alt=\"\" srcset=\"https:\/\/amigosmuseotraje.com\/wp-content\/uploads\/2024\/03\/portada_redonda.png 692w, https:\/\/amigosmuseotraje.com\/wp-content\/uploads\/2024\/03\/portada_redonda-300x300.png 300w, https:\/\/amigosmuseotraje.com\/wp-content\/uploads\/2024\/03\/portada_redonda-150x150.png 150w\" sizes=\"(max-width: 692px) 100vw, 692px\" \/>\t\t\t\t\t\t\t\t<\/a>\n\t\t\t\t\t\t\t\t\t\t\t\t\t\t\t<\/div>\n\t\t\t\t<\/div>\n\t\t\t\t<\/div>\n\t\t\t\t\t<\/div>\n\t\t\t\t<\/div>\n\t\t<div class=\"elementor-element elementor-element-adc2f6c e-flex e-con-boxed e-con e-parent\" data-id=\"adc2f6c\" data-element_type=\"container\" data-e-type=\"container\">\n\t\t\t\t\t<div class=\"e-con-inner\">\n\t\t\t\t<div class=\"elementor-element elementor-element-0037e3a premium-post-ticker__layout-2 pa-infinite-ticker-yes elementor-widget elementor-widget-premium-post-ticker\" data-id=\"0037e3a\" data-element_type=\"widget\" data-e-type=\"widget\" data-widget_type=\"premium-post-ticker.default\">\n\t\t\t\t<div class=\"elementor-widget-container\">\n\t\t\t\t\t\t\t\t<div class=\"premium-post-ticker__outer-wrapper premium-post-ticker__hidden \" data-ticker-settings=\"{&quot;layout&quot;:&quot;layout-2&quot;,&quot;typing&quot;:false,&quot;fade&quot;:false,&quot;arrows&quot;:false,&quot;infinite&quot;:true,&quot;autoPlay&quot;:true,&quot;vertical&quot;:false,&quot;speed&quot;:50000,&quot;slidesToShow&quot;:null,&quot;pauseOnHover&quot;:true,&quot;animation&quot;:&quot;&quot;,&quot;shouldBeRtl&quot;:false,&quot;autoplaySpeed&quot;:null}\">\n\t\t\t\t\n\t\t\t\t\t\t\t\t\t\t<div class=\"premium-post-ticker__header-wrapper\">\n\t\t\t\t\t\t\t\t<div class=\"premium-post-ticker__title-wrapper\">\n\t\t\t\n\t\t\t<h4 class=\"premium-post-ticker__title\"> PONENCIAS Y DOCUMENTACI\u00d3N DEL CONGRESO <\/h4>\n\t\t<\/div>\n\t\t\t\t\t\t\t<\/div>\n\t\t\t\t\t\n\t\t\t\t\t<div class=\"premium-post-ticker__content\">\n\t\t\t\t\t\t\n\t\t\t\t\t\t<div dir=\"ltr\" class=\"premium-post-ticker__posts-wrapper\">\n\t\t\t\t\t\t\t\t\t\t<div class=\"premium-post-ticker__post-wrapper elementor-repeater-item-b1fd3b1 animated \">\n\t\t\t\t<div class=\"premium-post-ticker__post-title\">\n\t\t\t\t\t<a href=\"#\">\n\t\t\t\t\t\tTras el \u00e9xito del Congreso 'Vestir a la francesa o a la espa\u00f1ola. La moda del siglo XVIII en Espa\u00f1a' pr\u00f3ximamente pondremos a su disposici\u00f3n las ponencias y la documentaci\u00f3n del mismo. Muchas gracias.\t\t\t\t\t<\/a>\n\t\t\t\t<\/div>\n\t\t\t\t\t\t\t\t\t\t\t<\/div>\n\t\t\t\t\t\t\t\t\t<\/div>\n\n\t\t\t\t\t\t\t\t\t\t\t<\/div>\n\n\t\t\t\t\t\t\t<\/div>\n\t\t\t\t\t\t<\/div>\n\t\t\t\t<\/div>\n\t\t\t\t\t<\/div>\n\t\t\t\t<\/div>\n\t\t\t\t<\/div>\n\t\t","protected":false},"excerpt":{"rendered":"<p>Bienvenidos al \u00e1rea privada s\u00f3lo para SOCIOS CONGRESO INTERNACIONAL Madrid 18 al 20 de septiembre de 2024 VESTIR A LA FRANCESA O A LA ESPA\u00d1OLA.La moda del siglo [&hellip;]<\/p>\n","protected":false},"author":1,"featured_media":0,"parent":0,"menu_order":0,"comment_status":"closed","ping_status":"closed","template":"","meta":{"footnotes":""},"class_list":["post-5969","page","type-page","status-publish","hentry"],"_links":{"self":[{"href":"https:\/\/amigosmuseotraje.com\/en\/wp-json\/wp\/v2\/pages\/5969","targetHints":{"allow":["GET"]}}],"collection":[{"href":"https:\/\/amigosmuseotraje.com\/en\/wp-json\/wp\/v2\/pages"}],"about":[{"href":"https:\/\/amigosmuseotraje.com\/en\/wp-json\/wp\/v2\/types\/page"}],"author":[{"embeddable":true,"href":"https:\/\/amigosmuseotraje.com\/en\/wp-json\/wp\/v2\/users\/1"}],"replies":[{"embeddable":true,"href":"https:\/\/amigosmuseotraje.com\/en\/wp-json\/wp\/v2\/comments?post=5969"}],"version-history":[{"count":62,"href":"https:\/\/amigosmuseotraje.com\/en\/wp-json\/wp\/v2\/pages\/5969\/revisions"}],"predecessor-version":[{"id":8490,"href":"https:\/\/amigosmuseotraje.com\/en\/wp-json\/wp\/v2\/pages\/5969\/revisions\/8490"}],"wp:attachment":[{"href":"https:\/\/amigosmuseotraje.com\/en\/wp-json\/wp\/v2\/media?parent=5969"}],"curies":[{"name":"wp","href":"https:\/\/api.w.org\/{rel}","templated":true}]}}